{"id":16,"date":"2020-04-22T18:55:24","date_gmt":"2020-04-22T18:55:24","guid":{"rendered":"https:\/\/nico.uno\/?page_id=16"},"modified":"2026-01-10T19:51:10","modified_gmt":"2026-01-10T19:51:10","slug":"about-nico","status":"publish","type":"page","link":"https:\/\/nico.uno\/en\/about-nico\/","title":{"rendered":"About me"},"content":{"rendered":"<div data-elementor-type=\"wp-page\" data-elementor-id=\"16\" class=\"elementor elementor-16\" data-elementor-post-type=\"page\">\n\t\t\t\t\t\t<section class=\"elementor-section elementor-top-section elementor-element elementor-element-63fd2e6 elementor-section-boxed elementor-section-height-default elementor-section-height-default\" data-id=\"63fd2e6\" data-element_type=\"section\" data-e-type=\"section\">\n\t\t\t\t\t\t<div class=\"elementor-container elementor-column-gap-default\">\n\t\t\t\t\t<div class=\"elementor-column elementor-col-100 elementor-top-column elementor-element elementor-element-148fb6e\" data-id=\"148fb6e\" data-element_type=\"column\" data-e-type=\"column\">\n\t\t\t<div class=\"elementor-widget-wrap elementor-element-populated\">\n\t\t\t\t\t\t<section class=\"elementor-section elementor-inner-section elementor-element elementor-element-3efc869 elementor-section-full_width elementor-section-height-default elementor-section-height-default\" data-id=\"3efc869\" data-element_type=\"section\" data-e-type=\"section\" data-settings=\"{&quot;background_background&quot;:&quot;classic&quot;}\">\n\t\t\t\t\t\t<div class=\"elementor-container elementor-column-gap-default\">\n\t\t\t\t\t<div class=\"elementor-column elementor-col-50 elementor-inner-column elementor-element elementor-element-d07b7cc\" data-id=\"d07b7cc\" data-element_type=\"column\" data-e-type=\"column\" data-settings=\"{&quot;background_background&quot;:&quot;classic&quot;}\">\n\t\t\t<div class=\"elementor-widget-wrap elementor-element-populated\">\n\t\t\t\t\t\t<div class=\"elementor-element elementor-element-5a7092b elementor-widget elementor-widget-heading\" data-id=\"5a7092b\" data-element_type=\"widget\" data-e-type=\"widget\" data-widget_type=\"heading.default\">\n\t\t\t\t<div class=\"elementor-widget-container\">\n\t\t\t\t\t<h2 class=\"elementor-heading-title elementor-size-default\">Hello!<\/h2>\t\t\t\t<\/div>\n\t\t\t\t<\/div>\n\t\t\t\t<div class=\"elementor-element elementor-element-a3ba13b elementor-widget__width-initial elementor-widget elementor-widget-image\" data-id=\"a3ba13b\" data-element_type=\"widget\" data-e-type=\"widget\" data-widget_type=\"image.default\">\n\t\t\t\t<div class=\"elementor-widget-container\">\n\t\t\t\t\t\t\t\t\t\t\t\t\t\t\t<img fetchpriority=\"high\" decoding=\"async\" width=\"717\" height=\"717\" src=\"https:\/\/nico.uno\/wp-content\/uploads\/2020\/04\/nico2020.png\" class=\"attachment-medium_large size-medium_large wp-image-34\" alt=\"Nico\" srcset=\"https:\/\/nico.uno\/wp-content\/uploads\/2020\/04\/nico2020.png 717w, https:\/\/nico.uno\/wp-content\/uploads\/2020\/04\/nico2020-300x300.png 300w, https:\/\/nico.uno\/wp-content\/uploads\/2020\/04\/nico2020-150x150.png 150w\" sizes=\"(max-width: 717px) 100vw, 717px\" \/>\t\t\t\t\t\t\t\t\t\t\t\t\t\t\t<\/div>\n\t\t\t\t<\/div>\n\t\t\t\t\t<\/div>\n\t\t<\/div>\n\t\t\t\t<div class=\"elementor-column elementor-col-50 elementor-inner-column elementor-element elementor-element-ac5b124\" data-id=\"ac5b124\" data-element_type=\"column\" data-e-type=\"column\" data-settings=\"{&quot;background_background&quot;:&quot;classic&quot;}\">\n\t\t\t<div class=\"elementor-widget-wrap elementor-element-populated\">\n\t\t\t\t\t\t<div class=\"elementor-element elementor-element-77bbf27 elementor-widget elementor-widget-text-editor\" data-id=\"77bbf27\" data-element_type=\"widget\" data-e-type=\"widget\" data-widget_type=\"text-editor.default\">\n\t\t\t\t<div class=\"elementor-widget-container\">\n\t\t\t\t\t\t\t\t\t<p class=\"translation-block\">I\u2019m Nicol\u00e1s Chac\u00f3n, but my friends and family call me <strong>Nico<\/strong>. I am Spanish, born in Extremadura, although I have lived almost all my life in <strong>Seville<\/strong>, where I studied Advertising and Public Relations at university.<\/p><p class=\"translation-block\">I am interested in all <strong>creative<\/strong> things in the broadest sense of the word and I am lucky enough to work on what I like. I\u2019m currently focused on <strong>UX<\/strong> design or how to achieve the best user experience in digital products. It is an exciting job in which I participate both by contributing ideas and managing teams.<\/p><p class=\"translation-block\">Currently I work as manager of the Design Studio of Vodafone Group in  <b>M\u00e1laga, <\/b>city where I have been able to find a great balance between quality of life and professional projection.<\/p><p>Besides design, I love music, photography, and the automotive world. If you'd like to connect with me regarding design matters, please visit my profile on <a href=\"https:\/\/www.linkedin.com\/in\/nico\/\" target=\"_blank\" rel=\"noopener\">LinkedIn<\/a>. To listen to the music I'm composing, follow my profile on SoundCloud: <a href=\"https:\/\/soundcloud.com\/morgan-hyde-music\" target=\"_blank\" rel=\"noopener\">Morgan Hyde<\/a>.<\/p>\t\t\t\t\t\t\t\t<\/div>\n\t\t\t\t<\/div>\n\t\t\t\t\t<\/div>\n\t\t<\/div>\n\t\t\t\t\t<\/div>\n\t\t<\/section>\n\t\t\t\t\t<\/div>\n\t\t<\/div>\n\t\t\t\t\t<\/div>\n\t\t<\/section>\n\t\t\t\t<section class=\"elementor-section elementor-top-section elementor-element elementor-element-3d4d3b5 elementor-section-boxed elementor-section-height-default elementor-section-height-default\" data-id=\"3d4d3b5\" data-element_type=\"section\" data-e-type=\"section\">\n\t\t\t\t\t\t<div class=\"elementor-container elementor-column-gap-default\">\n\t\t\t\t\t<div class=\"elementor-column elementor-col-33 elementor-top-column elementor-element elementor-element-5de21c8\" data-id=\"5de21c8\" data-element_type=\"column\" data-e-type=\"column\">\n\t\t\t<div class=\"elementor-widget-wrap elementor-element-populated\">\n\t\t\t\t\t\t<div class=\"elementor-element elementor-element-6567d00 elementor-widget elementor-widget-html\" data-id=\"6567d00\" data-element_type=\"widget\" data-e-type=\"widget\" data-widget_type=\"html.default\">\n\t\t\t\t<div class=\"elementor-widget-container\">\n\t\t\t\t\t<script src=\"https:\/\/platform.linkedin.com\/badges\/js\/profile.js\" async defer type=\"text\/javascript\"><\/script>\r\n<div class=\"badge-base LI-profile-badge\" data-locale=\"en_US\" data-size=\"medium\" data-theme=\"light\" data-type=\"VERTICAL\" data-vanity=\"nico\" data-version=\"v1\"><a class=\"badge-base__link LI-simple-link\" href=\"https:\/\/gi.linkedin.com\/in\/nico?trk=profile-badge\" target=\"_blank\" rel=\"noopener\"><\/a><\/div>\r\n              \t\t\t\t<\/div>\n\t\t\t\t<\/div>\n\t\t\t\t\t<\/div>\n\t\t<\/div>\n\t\t\t\t<div class=\"elementor-column elementor-col-33 elementor-top-column elementor-element elementor-element-d6c8fd1\" data-id=\"d6c8fd1\" data-element_type=\"column\" data-e-type=\"column\">\n\t\t\t<div class=\"elementor-widget-wrap elementor-element-populated\">\n\t\t\t\t\t\t<div class=\"elementor-element elementor-element-150fd26 elementor-widget elementor-widget-heading\" data-id=\"150fd26\" data-element_type=\"widget\" data-e-type=\"widget\" data-widget_type=\"heading.default\">\n\t\t\t\t<div class=\"elementor-widget-container\">\n\t\t\t\t\t<h3 class=\"elementor-heading-title elementor-size-default\">Follow me<\/h3>\t\t\t\t<\/div>\n\t\t\t\t<\/div>\n\t\t\t\t<div class=\"elementor-element elementor-element-5cabf0a elementor-grid-tablet-0 elementor-grid-mobile-4 elementor-shape-rounded elementor-grid-0 e-grid-align-center elementor-widget elementor-widget-social-icons\" data-id=\"5cabf0a\" data-element_type=\"widget\" data-e-type=\"widget\" data-widget_type=\"social-icons.default\">\n\t\t\t\t<div class=\"elementor-widget-container\">\n\t\t\t\t\t\t\t<div class=\"elementor-social-icons-wrapper elementor-grid\" role=\"list\">\n\t\t\t\t\t\t\t<span class=\"elementor-grid-item\" role=\"listitem\">\n\t\t\t\t\t<a class=\"elementor-icon elementor-social-icon elementor-social-icon-whatsapp elementor-repeater-item-0221ac1\" href=\"https:\/\/wa.me\/+34668841900\" target=\"_blank\" rel=\"noopener\">\n\t\t\t\t\t\t<span class=\"elementor-screen-only\">Whatsapp<\/span>\n\t\t\t\t\t\t<i aria-hidden=\"true\" class=\"fab fa-whatsapp\"><\/i>\t\t\t\t\t<\/a>\n\t\t\t\t<\/span>\n\t\t\t\t\t\t\t<span class=\"elementor-grid-item\" role=\"listitem\">\n\t\t\t\t\t<a class=\"elementor-icon elementor-social-icon elementor-social-icon-instagram elementor-repeater-item-c3cb5b9\" href=\"https:\/\/www.instagram.com\/nico__uno\/\" target=\"_blank\" rel=\"noopener\">\n\t\t\t\t\t\t<span class=\"elementor-screen-only\">Instagram<\/span>\n\t\t\t\t\t\t<i aria-hidden=\"true\" class=\"fab fa-instagram\"><\/i>\t\t\t\t\t<\/a>\n\t\t\t\t<\/span>\n\t\t\t\t\t\t\t<span class=\"elementor-grid-item\" role=\"listitem\">\n\t\t\t\t\t<a class=\"elementor-icon elementor-social-icon elementor-social-icon-soundcloud elementor-repeater-item-cb2250a\" href=\"https:\/\/soundcloud.com\/morgan-hyde-music\" target=\"_blank\" rel=\"noopener\">\n\t\t\t\t\t\t<span class=\"elementor-screen-only\">Soundcloud<\/span>\n\t\t\t\t\t\t<i aria-hidden=\"true\" class=\"fab fa-soundcloud\"><\/i>\t\t\t\t\t<\/a>\n\t\t\t\t<\/span>\n\t\t\t\t\t\t\t<span class=\"elementor-grid-item\" role=\"listitem\">\n\t\t\t\t\t<a class=\"elementor-icon elementor-social-icon elementor-social-icon-linkedin elementor-repeater-item-c6abc0f\" href=\"https:\/\/www.linkedin.com\/in\/nico\" target=\"_blank\" rel=\"noopener\">\n\t\t\t\t\t\t<span class=\"elementor-screen-only\">Linkedin<\/span>\n\t\t\t\t\t\t<i aria-hidden=\"true\" class=\"fab fa-linkedin\"><\/i>\t\t\t\t\t<\/a>\n\t\t\t\t<\/span>\n\t\t\t\t\t<\/div>\n\t\t\t\t\t\t<\/div>\n\t\t\t\t<\/div>\n\t\t\t\t\t<\/div>\n\t\t<\/div>\n\t\t\t\t<div class=\"elementor-column elementor-col-33 elementor-top-column elementor-element elementor-element-b977662\" data-id=\"b977662\" data-element_type=\"column\" data-e-type=\"column\">\n\t\t\t<div class=\"elementor-widget-wrap elementor-element-populated\">\n\t\t\t\t\t\t<div class=\"elementor-element elementor-element-a511b1d e-transform elementor-widget elementor-widget-heading\" data-id=\"a511b1d\" data-element_type=\"widget\" data-e-type=\"widget\" data-settings=\"{&quot;_transform_rotateZ_effect&quot;:{&quot;unit&quot;:&quot;px&quot;,&quot;size&quot;:-10,&quot;sizes&quot;:[]},&quot;_transform_rotateZ_effect_tablet&quot;:{&quot;unit&quot;:&quot;deg&quot;,&quot;size&quot;:&quot;&quot;,&quot;sizes&quot;:[]},&quot;_transform_rotateZ_effect_mobile&quot;:{&quot;unit&quot;:&quot;deg&quot;,&quot;size&quot;:&quot;&quot;,&quot;sizes&quot;:[]}}\" data-widget_type=\"heading.default\">\n\t\t\t\t<div class=\"elementor-widget-container\">\n\t\t\t\t\t<h2 class=\"elementor-heading-title elementor-size-default\">Stay hungry,\nstay foolish.<\/h2>\t\t\t\t<\/div>\n\t\t\t\t<\/div>\n\t\t\t\t<div class=\"elementor-element elementor-element-6049941 elementor-widget elementor-widget-heading\" data-id=\"6049941\" data-element_type=\"widget\" data-e-type=\"widget\" data-widget_type=\"heading.default\">\n\t\t\t\t<div class=\"elementor-widget-container\">\n\t\t\t\t\t<h5 class=\"elementor-heading-title elementor-size-default\">Steve Jobs<\/h5>\t\t\t\t<\/div>\n\t\t\t\t<\/div>\n\t\t\t\t\t<\/div>\n\t\t<\/div>\n\t\t\t\t\t<\/div>\n\t\t<\/section>\n\t\t\t\t<\/div>","protected":false},"excerpt":{"rendered":"<p>\u00a1Hola! Soy Nicol\u00e1s Chac\u00f3n, pero mis amigos y familiares me llaman Nico. Soy espa\u00f1ol, extreme\u00f1o de nacimiento, aunque he vivido casi toda mi vida en\u00a0Sevilla, donde estudi\u00e9 la carrera de Publicidad y Relaciones P\u00fablicas. Me interesa todo lo creativo en el sentido m\u00e1s amplio de la palabra y tengo la suerte de trabajar en lo [&hellip;]<\/p>\n","protected":false},"author":1,"featured_media":0,"parent":0,"menu_order":0,"comment_status":"closed","ping_status":"closed","template":"","meta":{"_acf_changed":false,"footnotes":""},"class_list":["post-16","page","type-page","status-publish","hentry"],"acf":[],"rttpg_featured_image_url":null,"rttpg_author":{"display_name":"Nico","author_link":"https:\/\/nico.uno\/en\/author\/nico1web\/"},"rttpg_comment":0,"rttpg_category":null,"rttpg_excerpt":"\u00a1Hola! Soy Nicol\u00e1s Chac\u00f3n, pero mis amigos y familiares me llaman Nico. Soy espa\u00f1ol, extreme\u00f1o de nacimiento, aunque he vivido casi toda mi vida en\u00a0Sevilla, donde estudi\u00e9 la carrera de Publicidad y Relaciones P\u00fablicas. Me interesa todo lo creativo en el sentido m\u00e1s amplio de la palabra y tengo la suerte de trabajar en lo&hellip;","_links":{"self":[{"href":"https:\/\/nico.uno\/en\/wp-json\/wp\/v2\/pages\/16","targetHints":{"allow":["GET"]}}],"collection":[{"href":"https:\/\/nico.uno\/en\/wp-json\/wp\/v2\/pages"}],"about":[{"href":"https:\/\/nico.uno\/en\/wp-json\/wp\/v2\/types\/page"}],"author":[{"embeddable":true,"href":"https:\/\/nico.uno\/en\/wp-json\/wp\/v2\/users\/1"}],"replies":[{"embeddable":true,"href":"https:\/\/nico.uno\/en\/wp-json\/wp\/v2\/comments?post=16"}],"version-history":[{"count":121,"href":"https:\/\/nico.uno\/en\/wp-json\/wp\/v2\/pages\/16\/revisions"}],"predecessor-version":[{"id":3343,"href":"https:\/\/nico.uno\/en\/wp-json\/wp\/v2\/pages\/16\/revisions\/3343"}],"wp:attachment":[{"href":"https:\/\/nico.uno\/en\/wp-json\/wp\/v2\/media?parent=16"}],"curies":[{"name":"wp","href":"https:\/\/api.w.org\/{rel}","templated":true}]}}